{"id":47,"date":"2023-05-28T04:00:26","date_gmt":"2023-05-28T04:00:26","guid":{"rendered":"https:\/\/k2oben.de\/?page_id=47"},"modified":"2023-07-02T17:52:34","modified_gmt":"2023-07-02T17:52:34","slug":"weser-diemel-burgen","status":"publish","type":"page","link":"https:\/\/k2oben.de\/index.php\/weser-diemel-burgen\/","title":{"rendered":"Weser &#8211; Diemel &#8211; Burgen"},"content":{"rendered":"<p><script src=\"https:\/\/k2oben.de\/GPXViewer6.17-2.1\/GM_Utils\/GPX2GM.js\"><\/script><\/p>\n<p>17. bis 21. Juli 2022:<br \/>\nWir gehen von Hannoversch M\u00fcnden \u00fcber Trendelburg und Bad Karlshafen nach H\u00f6xter.<\/p>\n<div class=\"gpxview:\/\/k2oben.de\/GPXViewer6.17-2.1\/GPX\/HannMuenden-Hoexter.gpx:Open_Topo\" style=\"width:500px;height:300px\">\n <noscript><\/p>\n<p>Zum Anzeigen der Karte wird Javascript ben\u00f6tigt.<\/p>\n<p><\/noscript>\n<\/div>\n<pre>78 km, 1540 m rauf und 1580 m runter \r\n<a href=\"https:\/\/www.komoot.de\/tour\/852755833\">Tour bei komoot ansehen<\/a><\/pre>\n<p>&nbsp;<\/p>\n<p>2022 war der 9-Euro-Ticket-Sommer, also konnten wir besonders g\u00fcnstig und spontan an- und abreisen &#8211; auch wenn die Bahn hin nat\u00fcrlich voll war und zur\u00fcck &#8211; wir sind ja schlie\u00dflich in Deutschland &#8211; versp\u00e4tet und \u00fcber Umwege fuhr.<\/p>\n<hr \/>\n<h5>17.07.2022<\/h5>\n<p><a href=\"https:\/\/k2oben.de\/wp-content\/uploads\/2023\/05\/IMG_2714.jpeg\"><img fetchpriority=\"high\" decoding=\"async\" class=\"alignleft size-medium wp-image-51\" src=\"https:\/\/k2oben.de\/wp-content\/uploads\/2023\/05\/IMG_2714-300x225.jpeg\" alt=\"Kopfsteinpflasterstra\u00dfe, Fachwerkh\u00e4user auf beiden Seiten: Hann. M\u00fcnden\" width=\"300\" height=\"225\" srcset=\"https:\/\/k2oben.de\/wp-content\/uploads\/2023\/05\/IMG_2714-300x225.jpeg 300w, https:\/\/k2oben.de\/wp-content\/uploads\/2023\/05\/IMG_2714-1024x768.jpeg 1024w, https:\/\/k2oben.de\/wp-content\/uploads\/2023\/05\/IMG_2714-768x576.jpeg 768w, https:\/\/k2oben.de\/wp-content\/uploads\/2023\/05\/IMG_2714-1536x1151.jpeg 1536w, https:\/\/k2oben.de\/wp-content\/uploads\/2023\/05\/IMG_2714-400x300.jpeg 400w\" sizes=\"(max-width: 300px) 100vw, 300px\" \/><\/a><\/p>\n<p>Am 17. Nachmittags und Abends sahen wir uns &#8217;nur&#8216; Hann. M\u00fcnden (ein sch\u00f6nes &amp; nat\u00fcrlich f\u00fcr die Bustouristen herausgeputztes St\u00e4dtchen) und die Weserbildung an.<\/p>\n<p><a href=\"https:\/\/k2oben.de\/wp-content\/uploads\/2023\/05\/IMG_2706.jpeg\"><img decoding=\"async\" class=\"alignnone size-medium wp-image-52\" src=\"https:\/\/k2oben.de\/wp-content\/uploads\/2023\/05\/IMG_2706-300x225.jpeg\" alt=\"Der Weserstein mit Inschrift im Schatten eines Baumes, im Hintergrund der Fluss\" width=\"300\" height=\"225\" srcset=\"https:\/\/k2oben.de\/wp-content\/uploads\/2023\/05\/IMG_2706-300x225.jpeg 300w, https:\/\/k2oben.de\/wp-content\/uploads\/2023\/05\/IMG_2706-1024x768.jpeg 1024w, https:\/\/k2oben.de\/wp-content\/uploads\/2023\/05\/IMG_2706-768x576.jpeg 768w, https:\/\/k2oben.de\/wp-content\/uploads\/2023\/05\/IMG_2706-1536x1151.jpeg 1536w, https:\/\/k2oben.de\/wp-content\/uploads\/2023\/05\/IMG_2706-400x300.jpeg 400w\" sizes=\"(max-width: 300px) 100vw, 300px\" \/><\/a><br \/>\nHier, da und auch dort in Hann.M\u00fcnden begegnet einem der Doktor Eisenbart, der hier 1727 &#8211; auf der Durchreise &#8211; starb: <a href=\"https:\/\/k2oben.de\/wp-content\/uploads\/2023\/05\/D802E178-4104-4865-ACBD-9FF5BE170B30.jpg\"><img decoding=\"async\" class=\"alignnone size-medium wp-image-174\" src=\"https:\/\/k2oben.de\/wp-content\/uploads\/2023\/05\/D802E178-4104-4865-ACBD-9FF5BE170B30-300x225.jpg\" alt=\"\" width=\"300\" height=\"225\" srcset=\"https:\/\/k2oben.de\/wp-content\/uploads\/2023\/05\/D802E178-4104-4865-ACBD-9FF5BE170B30-300x225.jpg 300w, https:\/\/k2oben.de\/wp-content\/uploads\/2023\/05\/D802E178-4104-4865-ACBD-9FF5BE170B30-1024x768.jpg 1024w, https:\/\/k2oben.de\/wp-content\/uploads\/2023\/05\/D802E178-4104-4865-ACBD-9FF5BE170B30-768x576.jpg 768w, https:\/\/k2oben.de\/wp-content\/uploads\/2023\/05\/D802E178-4104-4865-ACBD-9FF5BE170B30-1536x1151.jpg 1536w, https:\/\/k2oben.de\/wp-content\/uploads\/2023\/05\/D802E178-4104-4865-ACBD-9FF5BE170B30-400x300.jpg 400w\" sizes=\"(max-width: 300px) 100vw, 300px\" \/><\/a><br \/>\n\u00dcbernachtung: Bremer Handelshaus, M\u00fchlenstra\u00dfe 10, 34346 Hann. M\u00fcnden +49 15753371393 &#8211; <em>empfehlenswert<\/em><\/p>\n<hr \/>\n<h5>18.07.2022<\/h5>\n<p>Am 18. Juli gingen wir dann von Hann. M\u00fcnden nach Veckerhagen.<br \/>\nR\u00fcckblick auf Hann.-M\u00fcnden:<br \/>\n<a href=\"https:\/\/k2oben.de\/wp-content\/uploads\/2023\/05\/IMG_2732.jpeg\"><img loading=\"lazy\" decoding=\"async\" class=\"alignnone size-medium wp-image-53\" src=\"https:\/\/k2oben.de\/wp-content\/uploads\/2023\/05\/IMG_2732-300x225.jpeg\" alt=\"Tiefblick auf die Altstadt von Hann. M\u00fcnden\" width=\"300\" height=\"225\" srcset=\"https:\/\/k2oben.de\/wp-content\/uploads\/2023\/05\/IMG_2732-300x225.jpeg 300w, https:\/\/k2oben.de\/wp-content\/uploads\/2023\/05\/IMG_2732-1024x768.jpeg 1024w, https:\/\/k2oben.de\/wp-content\/uploads\/2023\/05\/IMG_2732-768x576.jpeg 768w, https:\/\/k2oben.de\/wp-content\/uploads\/2023\/05\/IMG_2732-1536x1151.jpeg 1536w, https:\/\/k2oben.de\/wp-content\/uploads\/2023\/05\/IMG_2732-400x300.jpeg 400w\" sizes=\"(max-width: 300px) 100vw, 300px\" \/><\/a><br \/>\nkurz davor hatten wir die Weser \u00fcberquert, kurz darauf \u00fcberquerten wir die Grenze von Niedersachsen nach Hessen: <a href=\"https:\/\/k2oben.de\/wp-content\/uploads\/2023\/05\/IMG_2735.jpeg\"><img loading=\"lazy\" decoding=\"async\" class=\"size-medium wp-image-176 alignright\" src=\"https:\/\/k2oben.de\/wp-content\/uploads\/2023\/05\/IMG_2735-225x300.jpeg\" alt=\"\" width=\"225\" height=\"300\" srcset=\"https:\/\/k2oben.de\/wp-content\/uploads\/2023\/05\/IMG_2735-225x300.jpeg 225w, https:\/\/k2oben.de\/wp-content\/uploads\/2023\/05\/IMG_2735-768x1025.jpeg 768w, https:\/\/k2oben.de\/wp-content\/uploads\/2023\/05\/IMG_2735-1151x1536.jpeg 1151w, https:\/\/k2oben.de\/wp-content\/uploads\/2023\/05\/IMG_2735.jpeg 1536w\" sizes=\"(max-width: 225px) 100vw, 225px\" \/><\/a>Von dieser Grenzstation aus folgten wir im wesentlichen dem Weserberglandweg bis nach Veckerhagen, wo wir nach Bezug unseres Zimmers gem\u00fctlich und idyllisch die Seilf\u00e4hre beobachteten und die Sage von Brama, Saba und Trendula studierten. <a href=\"https:\/\/k2oben.de\/wp-content\/uploads\/2023\/05\/D3183376-FD6C-4697-B7F1-31F6B76216F8.jpg\"><img loading=\"lazy\" decoding=\"async\" class=\"size-medium wp-image-175 alignleft\" src=\"https:\/\/k2oben.de\/wp-content\/uploads\/2023\/05\/D3183376-FD6C-4697-B7F1-31F6B76216F8-300x225.jpg\" alt=\"\" width=\"300\" height=\"225\" srcset=\"https:\/\/k2oben.de\/wp-content\/uploads\/2023\/05\/D3183376-FD6C-4697-B7F1-31F6B76216F8-300x225.jpg 300w, https:\/\/k2oben.de\/wp-content\/uploads\/2023\/05\/D3183376-FD6C-4697-B7F1-31F6B76216F8-1024x768.jpg 1024w, https:\/\/k2oben.de\/wp-content\/uploads\/2023\/05\/D3183376-FD6C-4697-B7F1-31F6B76216F8-768x576.jpg 768w, https:\/\/k2oben.de\/wp-content\/uploads\/2023\/05\/D3183376-FD6C-4697-B7F1-31F6B76216F8-1536x1151.jpg 1536w, https:\/\/k2oben.de\/wp-content\/uploads\/2023\/05\/D3183376-FD6C-4697-B7F1-31F6B76216F8-400x300.jpg 400w\" sizes=\"(max-width: 300px) 100vw, 300px\" \/><\/a>Leider fanden wir kein dementsprechendes Abendessen, sondern mussten mit einem legitimen (recht m\u00e4\u00dfigen) D\u00f6nermahl am Supermarkt vorlieb nehmen.<\/p>\n<p>\u00dcbernachtung: G\u00e4stezimmer &#8218;Ellmau&#8216;, Karlsbader Str. 40, 34359 Reinhardshagen (Veckerhagen) +49 17664492545 &#8211; <em>sehr empfehlenswert<\/em><\/p>\n<hr \/>\n<h5>19.07.2022<\/h5>\n<p>Von Veckerhagen gingen wir am 19. durch den Reinhardswald und die herrliche Kurf\u00fcrstenallee:<br \/>\n<a href=\"https:\/\/k2oben.de\/wp-content\/uploads\/2023\/05\/IMG_2755.jpeg\"><img loading=\"lazy\" decoding=\"async\" class=\"alignleft size-medium wp-image-56\" src=\"https:\/\/k2oben.de\/wp-content\/uploads\/2023\/05\/IMG_2755-300x225.jpeg\" alt=\"Die Kurf\u00fcrstenallee: eine Allee riesiger, alter Eichen in einem Mischwald. Die Allee ist ca. 20 m breit, zwischen den Baumreihen ist Wiese und ein Waldweg \" width=\"300\" height=\"225\" srcset=\"https:\/\/k2oben.de\/wp-content\/uploads\/2023\/05\/IMG_2755-300x225.jpeg 300w, https:\/\/k2oben.de\/wp-content\/uploads\/2023\/05\/IMG_2755-1024x768.jpeg 1024w, https:\/\/k2oben.de\/wp-content\/uploads\/2023\/05\/IMG_2755-768x576.jpeg 768w, https:\/\/k2oben.de\/wp-content\/uploads\/2023\/05\/IMG_2755-1536x1151.jpeg 1536w, https:\/\/k2oben.de\/wp-content\/uploads\/2023\/05\/IMG_2755-400x300.jpeg 400w\" sizes=\"(max-width: 300px) 100vw, 300px\" \/><\/a>\u00a0W\u00e4hrend es langsam aber sicher immer hei\u00dfer wurde durchquerten wir nicht nur den Friedwald, sondern auch ausgedehntere Kahlschlag\/ Wiederaufforstungsfl\u00e4chen (Uff). Gegen Mittag erreichten wir die Tierparkmauer und konnten dann auch dar\u00fcber hinweg das &#8218;M\u00e4rchenschloss&#8216; Sababurg entdecken:<br \/>\n<a href=\"https:\/\/k2oben.de\/wp-content\/uploads\/2023\/05\/IMG_2762.jpeg\"><img loading=\"lazy\" decoding=\"async\" class=\"alignnone size-medium wp-image-55\" src=\"https:\/\/k2oben.de\/wp-content\/uploads\/2023\/05\/IMG_2762-300x225.jpeg\" alt=\"Aussicht aus Waldschatten \u00fcber eine Wiese auf die T\u00fcrme und D\u00e4cher eines Schlosses hinter weiteren B\u00e4umen\" width=\"300\" height=\"225\" srcset=\"https:\/\/k2oben.de\/wp-content\/uploads\/2023\/05\/IMG_2762-300x225.jpeg 300w, https:\/\/k2oben.de\/wp-content\/uploads\/2023\/05\/IMG_2762-1024x768.jpeg 1024w, https:\/\/k2oben.de\/wp-content\/uploads\/2023\/05\/IMG_2762-768x576.jpeg 768w, https:\/\/k2oben.de\/wp-content\/uploads\/2023\/05\/IMG_2762-1536x1151.jpeg 1536w, https:\/\/k2oben.de\/wp-content\/uploads\/2023\/05\/IMG_2762-400x300.jpeg 400w\" sizes=\"(max-width: 300px) 100vw, 300px\" \/><\/a><br \/>\nWir nahmen dort im Restaurant des Tierparks ein k\u00fchles Getr\u00e4nk, denn inzwischen war es schon richtig hei\u00df. Dann ging es weiter, an den im Schatten d\u00f6senden Wildschweinen vorbei und durch den Urwald Sababurg.<br \/>\nDa es am Wege lag, &#8218;mussten&#8216; wir auch den Erdfall &#8218;Nasser Wolkenbruch&#8216; besuchen, obwohl es am Nachmittag eigentlich schon zu hei\u00df dazu war:<br \/>\n<img loading=\"lazy\" decoding=\"async\" class=\"alignleft size-medium wp-image-80\" src=\"https:\/\/k2oben.de\/wp-content\/uploads\/2023\/05\/IMG_2795-300x225.jpeg\" alt=\"zwei schwitzende Wanderer im Wald, Im Hintergrund in der Tiefe ein gr\u00fcner Teich\" width=\"300\" height=\"225\" srcset=\"https:\/\/k2oben.de\/wp-content\/uploads\/2023\/05\/IMG_2795-300x225.jpeg 300w, https:\/\/k2oben.de\/wp-content\/uploads\/2023\/05\/IMG_2795-1024x768.jpeg 1024w, https:\/\/k2oben.de\/wp-content\/uploads\/2023\/05\/IMG_2795-768x576.jpeg 768w, https:\/\/k2oben.de\/wp-content\/uploads\/2023\/05\/IMG_2795-1536x1151.jpeg 1536w, https:\/\/k2oben.de\/wp-content\/uploads\/2023\/05\/IMG_2795-400x300.jpeg 400w\" sizes=\"(max-width: 300px) 100vw, 300px\" \/>\u00a0Aber von dort aus ging es nur noch bergab ins Diemeltal (und dann wieder hinauf in die winzige Altstadt von und zur Trendelburg.<br \/>\nW\u00e4hrend die Sababurg sich r\u00fchmt, Dornr\u00f6schens Schloss zu sein, schm\u00fcckt sich die Trendelburg mit dem Zopf von Rapunzel: <a href=\"https:\/\/k2oben.de\/wp-content\/uploads\/2023\/05\/IMG_2811-1.jpeg\"><img loading=\"lazy\" decoding=\"async\" class=\"size-medium wp-image-81 alignright\" src=\"https:\/\/k2oben.de\/wp-content\/uploads\/2023\/05\/IMG_2811-1-225x300.jpeg\" alt=\"Wand eines runden Turms, aus einem Fenster oben h\u00e4ngt ein dickes, helles Tau als 'Rapunzelzopf' weit herunter\" width=\"225\" height=\"300\" srcset=\"https:\/\/k2oben.de\/wp-content\/uploads\/2023\/05\/IMG_2811-1-225x300.jpeg 225w, https:\/\/k2oben.de\/wp-content\/uploads\/2023\/05\/IMG_2811-1-768x1025.jpeg 768w, https:\/\/k2oben.de\/wp-content\/uploads\/2023\/05\/IMG_2811-1-1151x1536.jpeg 1151w, https:\/\/k2oben.de\/wp-content\/uploads\/2023\/05\/IMG_2811-1.jpeg 1536w\" sizes=\"(max-width: 225px) 100vw, 225px\" \/><\/a><br \/>\n\u00dcbernachtung: Hotel &amp; Restaurant Brandtner, Am Rathaus 5, 34388 Trendelburg,<a class=\"external-link-new-window\" title=\"\u00d6ffnet externen Link in neuem Fenster\" href=\"http:\/\/www.gasthaus-brandner.de\/\" target=\"_blank\" rel=\"noopener\">www.gasthaus-brandner.de <\/a>, +49 56759778 &#8211; <em>sehr empfehlenswert<\/em><\/p>\n<hr \/>\n<h5>20.07.2022<\/h5>\n<p>Nach einigen R\u00fcckblicken auf Trendelburg kamen wir am 20. Juli auf den Diemelradweg auf einer ehemaligen Eisenbahnlinie. Fr\u00fch am Tage, als wir dort entlanggingen, kamen jedoch noch kaum Radfahrer vorbei. Nat\u00fcrlich gingen wir bei dieser Gelegenheit durch den Berg (Deiseler Tunnel).<a href=\"https:\/\/k2oben.de\/wp-content\/uploads\/2023\/05\/IMG_2832.jpeg\"><img loading=\"lazy\" decoding=\"async\" class=\"alignleft size-medium wp-image-82\" src=\"https:\/\/k2oben.de\/wp-content\/uploads\/2023\/05\/IMG_2832-300x225.jpeg\" alt=\"Im als Rad- und Wanderweg ausgebauten Eisenbahntunnel. In regelm\u00e4\u00dfigen Abst\u00e4nden sind Leuchten in Bodenn\u00e4he angebracht, die den Tunnel erhellen\" width=\"300\" height=\"225\" srcset=\"https:\/\/k2oben.de\/wp-content\/uploads\/2023\/05\/IMG_2832-300x225.jpeg 300w, https:\/\/k2oben.de\/wp-content\/uploads\/2023\/05\/IMG_2832-1024x768.jpeg 1024w, https:\/\/k2oben.de\/wp-content\/uploads\/2023\/05\/IMG_2832-768x576.jpeg 768w, https:\/\/k2oben.de\/wp-content\/uploads\/2023\/05\/IMG_2832-1536x1151.jpeg 1536w, https:\/\/k2oben.de\/wp-content\/uploads\/2023\/05\/IMG_2832-400x300.jpeg 400w\" sizes=\"(max-width: 300px) 100vw, 300px\" \/><\/a> Nach dem Tunnel bogen wir vom Radweg wieder ab und gingen durch den Wald und \u00fcber die H\u00fcgel nach Helmarshausen, wo wir den Ort recht z\u00fcgig durchquerten um auf der Krukenburg die spektakul\u00e4re Aussicht vom Turm, eine Pause im Schatten und ein Eis zu genie\u00dfen. <a href=\"https:\/\/k2oben.de\/wp-content\/uploads\/2023\/05\/0FD06A8E-0A27-4540-AD7B-011E9C0E85B9.jpg\"><img loading=\"lazy\" decoding=\"async\" class=\"size-medium wp-image-79 alignright\" src=\"https:\/\/k2oben.de\/wp-content\/uploads\/2023\/05\/0FD06A8E-0A27-4540-AD7B-011E9C0E85B9-300x225.jpg\" alt=\"Ruine Krukenburg, Blickrichtung in verfallene aber immer noch imposante, ca. 15 m hohe Gem\u00e4uer\" width=\"300\" height=\"225\" srcset=\"https:\/\/k2oben.de\/wp-content\/uploads\/2023\/05\/0FD06A8E-0A27-4540-AD7B-011E9C0E85B9-300x225.jpg 300w, https:\/\/k2oben.de\/wp-content\/uploads\/2023\/05\/0FD06A8E-0A27-4540-AD7B-011E9C0E85B9-1024x768.jpg 1024w, https:\/\/k2oben.de\/wp-content\/uploads\/2023\/05\/0FD06A8E-0A27-4540-AD7B-011E9C0E85B9-768x576.jpg 768w, https:\/\/k2oben.de\/wp-content\/uploads\/2023\/05\/0FD06A8E-0A27-4540-AD7B-011E9C0E85B9-1536x1151.jpg 1536w, https:\/\/k2oben.de\/wp-content\/uploads\/2023\/05\/0FD06A8E-0A27-4540-AD7B-011E9C0E85B9-400x300.jpg 400w\" sizes=\"(max-width: 300px) 100vw, 300px\" \/><\/a><br \/>\nVon Helmarshausen war es nur noch ein kleines St\u00fcck Wegs in die fr\u00fchneuzeitliche Planstadt Bad Karlshafen hinab.<br \/>\n<a href=\"https:\/\/k2oben.de\/wp-content\/uploads\/2023\/05\/IMG_2868.jpeg\"><img loading=\"lazy\" decoding=\"async\" class=\"alignnone size-medium wp-image-83\" src=\"https:\/\/k2oben.de\/wp-content\/uploads\/2023\/05\/IMG_2868-300x225.jpeg\" alt=\"Hafen von Karlshafen, historische H\u00e4userzeile dahinter bewaldete H\u00fcgel im Hintergrund\" width=\"300\" height=\"225\" srcset=\"https:\/\/k2oben.de\/wp-content\/uploads\/2023\/05\/IMG_2868-300x225.jpeg 300w, https:\/\/k2oben.de\/wp-content\/uploads\/2023\/05\/IMG_2868-1024x768.jpeg 1024w, https:\/\/k2oben.de\/wp-content\/uploads\/2023\/05\/IMG_2868-768x576.jpeg 768w, https:\/\/k2oben.de\/wp-content\/uploads\/2023\/05\/IMG_2868-1536x1151.jpeg 1536w, https:\/\/k2oben.de\/wp-content\/uploads\/2023\/05\/IMG_2868-400x300.jpeg 400w\" sizes=\"(max-width: 300px) 100vw, 300px\" \/><\/a><\/p>\n<p>\u00dcbernachtung: Hotel Haus Fuhrhop, Friedrichstra\u00dfe 15, 34385 Bad Karlshafen, +49 5672404 &#8211; <em>empfehlenswert<\/em><\/p>\n<hr \/>\n<h5>21.07.2022<\/h5>\n<p>Am 21. hatte es sich merklich abgek\u00fchlt und wir stiegen die schon etwas feuchten Stufen zum Weser-Skywalk hinauf.<br \/>\n<a href=\"https:\/\/k2oben.de\/wp-content\/uploads\/2023\/05\/IMG_2886.jpeg\"><img loading=\"lazy\" decoding=\"async\" class=\"size-medium wp-image-92 alignleft\" src=\"https:\/\/k2oben.de\/wp-content\/uploads\/2023\/05\/IMG_2886-300x225.jpeg\" alt=\"Aussicht vom Weser-Skywalk nach Norden, in der Tiefe f\u00e4hrt auf der Weser ein Schiff\" width=\"300\" height=\"225\" srcset=\"https:\/\/k2oben.de\/wp-content\/uploads\/2023\/05\/IMG_2886-300x225.jpeg 300w, https:\/\/k2oben.de\/wp-content\/uploads\/2023\/05\/IMG_2886-1024x768.jpeg 1024w, https:\/\/k2oben.de\/wp-content\/uploads\/2023\/05\/IMG_2886-768x576.jpeg 768w, https:\/\/k2oben.de\/wp-content\/uploads\/2023\/05\/IMG_2886-1536x1151.jpeg 1536w, https:\/\/k2oben.de\/wp-content\/uploads\/2023\/05\/IMG_2886-400x300.jpeg 400w\" sizes=\"(max-width: 300px) 100vw, 300px\" \/><\/a>Von da aus ging es weiter, eigentlich durch sch\u00f6nen Wald, die Wanderfreude wurde allerdings durch das Schauerhafte Wetter ein bisschen zu TypII-Freude (ist in der Erinnerung sch\u00f6ner als dabei) verschoben. <a href=\"https:\/\/k2oben.de\/wp-content\/uploads\/2023\/05\/FD6C58D8-DE8C-4DEA-83B3-F8E2FB1A7544.jpg\"><img loading=\"lazy\" decoding=\"async\" class=\"wp-image-93 size-medium alignright\" src=\"https:\/\/k2oben.de\/wp-content\/uploads\/2023\/05\/FD6C58D8-DE8C-4DEA-83B3-F8E2FB1A7544-300x225.jpg\" alt=\"Wanderer von hinten im Regen im Wald. Er tr\u00e4gt ein Regencape und kurze Hose\" width=\"300\" height=\"225\" srcset=\"https:\/\/k2oben.de\/wp-content\/uploads\/2023\/05\/FD6C58D8-DE8C-4DEA-83B3-F8E2FB1A7544-300x225.jpg 300w, https:\/\/k2oben.de\/wp-content\/uploads\/2023\/05\/FD6C58D8-DE8C-4DEA-83B3-F8E2FB1A7544-1024x768.jpg 1024w, https:\/\/k2oben.de\/wp-content\/uploads\/2023\/05\/FD6C58D8-DE8C-4DEA-83B3-F8E2FB1A7544-768x576.jpg 768w, https:\/\/k2oben.de\/wp-content\/uploads\/2023\/05\/FD6C58D8-DE8C-4DEA-83B3-F8E2FB1A7544-1536x1151.jpg 1536w, https:\/\/k2oben.de\/wp-content\/uploads\/2023\/05\/FD6C58D8-DE8C-4DEA-83B3-F8E2FB1A7544-400x300.jpg 400w\" sizes=\"(max-width: 300px) 100vw, 300px\" \/><\/a><br \/>\n\u00dcberraschend und zur Aufmunterung trafen wir in Derental einen Elch:<br \/>\n<a href=\"https:\/\/k2oben.de\/wp-content\/uploads\/2023\/05\/IMG_2904.jpeg\"><img loading=\"lazy\" decoding=\"async\" class=\"alignnone wp-image-94 size-medium\" src=\"https:\/\/k2oben.de\/wp-content\/uploads\/2023\/05\/IMG_2904-300x225.jpeg\" alt=\"Britta stupst ihre Nase an die Nase einer lebensgro\u00dfen und lebensecht gestalteten Elchplastik\" width=\"300\" height=\"225\" srcset=\"https:\/\/k2oben.de\/wp-content\/uploads\/2023\/05\/IMG_2904-300x225.jpeg 300w, https:\/\/k2oben.de\/wp-content\/uploads\/2023\/05\/IMG_2904-1024x768.jpeg 1024w, https:\/\/k2oben.de\/wp-content\/uploads\/2023\/05\/IMG_2904-768x576.jpeg 768w, https:\/\/k2oben.de\/wp-content\/uploads\/2023\/05\/IMG_2904-1536x1151.jpeg 1536w, https:\/\/k2oben.de\/wp-content\/uploads\/2023\/05\/IMG_2904-400x300.jpeg 400w\" sizes=\"(max-width: 300px) 100vw, 300px\" \/><\/a><br \/>\nIn F\u00fcrstenberg fanden wir das Museum f\u00fcr unseren Geschmack und unser Interesse zu teuer um sich dort unterzustellen und zu trocknen, aber der danebenliegenden Fabrikverkauf kam uns dazu gerade recht.\ufffc Von F\u00fcrstenberg bis H\u00f6xter \ufffc gingen wir wieder viel auf dem Weserradweg, das war recht unspektakul\u00e4r. \ufffc\ufffcDie Stra\u00dfen in der Altstadt von H\u00f6xter wurden gerade mit erstaunlich h\u00e4sslichem und teuer erscheinenden Naturstein saniert als wir dort waren.\ufffc\ufffc\ufffc<\/p>\n<p>\ufffc<\/p>\n","protected":false},"excerpt":{"rendered":"<p>17. bis 21. Juli 2022: Wir gehen von Hannoversch M\u00fcnden \u00fcber Trendelburg und Bad Karlshafen nach H\u00f6xter. Zum Anzeigen der Karte wird Javascript ben\u00f6tigt. 78 &hellip;<\/p>\n","protected":false},"author":1,"featured_media":0,"parent":0,"menu_order":0,"comment_status":"closed","ping_status":"closed","template":"","meta":{"footnotes":""},"class_list":["post-47","page","type-page","status-publish","hentry"],"jetpack_sharing_enabled":true,"_links":{"self":[{"href":"https:\/\/k2oben.de\/index.php\/wp-json\/wp\/v2\/pages\/47","targetHints":{"allow":["GET"]}}],"collection":[{"href":"https:\/\/k2oben.de\/index.php\/wp-json\/wp\/v2\/pages"}],"about":[{"href":"https:\/\/k2oben.de\/index.php\/wp-json\/wp\/v2\/types\/page"}],"author":[{"embeddable":true,"href":"https:\/\/k2oben.de\/index.php\/wp-json\/wp\/v2\/users\/1"}],"replies":[{"embeddable":true,"href":"https:\/\/k2oben.de\/index.php\/wp-json\/wp\/v2\/comments?post=47"}],"version-history":[{"count":35,"href":"https:\/\/k2oben.de\/index.php\/wp-json\/wp\/v2\/pages\/47\/revisions"}],"predecessor-version":[{"id":299,"href":"https:\/\/k2oben.de\/index.php\/wp-json\/wp\/v2\/pages\/47\/revisions\/299"}],"wp:attachment":[{"href":"https:\/\/k2oben.de\/index.php\/wp-json\/wp\/v2\/media?parent=47"}],"curies":[{"name":"wp","href":"https:\/\/api.w.org\/{rel}","templated":true}]}}